{"id":174,"date":"2023-10-14T00:34:27","date_gmt":"2023-10-13T22:34:27","guid":{"rendered":"https:\/\/portafoliouautonoma.com\/?page_id=174"},"modified":"2023-11-20T02:42:14","modified_gmt":"2023-11-20T01:42:14","slug":"que-somos","status":"publish","type":"page","link":"https:\/\/portafoliouautonoma.com\/index.php\/que-somos\/","title":{"rendered":"Que somos"},"content":{"rendered":"\n<div class=\"wp-block-columns is-layout-flex wp-container-4 wp-block-columns-is-layout-flex\">\n<div class=\"wp-block-column has-background-secondary-background-color has-background is-layout-constrained wp-block-column-is-layout-constrained\">\n<p class=\"has-text-align-center has-primary-color has-text-color\"> <strong>Visi\u00f3n<\/strong><\/p>\n\n\n\n<p class=\"has-primary-color has-background-secondary-background-color has-text-color has-background\" style=\"font-size:clamp(14px, 0.875rem + ((1vw - 3.2px) * 0.179), 16px);\">Nuestra visi\u00f3n es la de crear un mundo en el que los estudiantes se convertir\u00e1n en agentes de cambio social capaces de abordar los desaf\u00edos y problem\u00e1ticas reales de la comunidad mediante la innovaci\u00f3n social y el Aprendizaje + Servicio. Queremos fomentar una cultura de colaboraci\u00f3n, empat\u00eda y compromiso, donde los estudiantes se convertir\u00e1n en l\u00edderes que generen un impacto positivo y duradero en la sociedad. <\/p>\n<\/div>\n\n\n\n<div class=\"wp-block-column has-background-secondary-background-color has-background is-layout-constrained wp-block-column-is-layout-constrained\">\n<p class=\"has-text-align-center has-primary-color has-text-color\"><strong>Misi\u00f3n<\/strong><\/p>\n\n\n\n<p class=\"has-primary-second-color has-background-secondary-background-color has-text-color has-background\" style=\"font-size:clamp(14px, 0.875rem + ((1vw - 3.2px) * 0.179), 16px);\">Nuestra misi\u00f3n es proporcionar a los estudiantes las herramientas y el conocimiento necesarios para abordar desaf\u00edos sociales reales mediante la aplicaci\u00f3n pr\u00e1ctica de la innovaci\u00f3n social y el Aprendizaje + Servicio. A trav\u00e9s de la colaboraci\u00f3n con organizaciones locales, los estudiantes aprender\u00e1n a identificar problemas y dise\u00f1ar soluciones innovadoras, involucrando a la comunidad en cada etapa del proceso. <\/p>\n<\/div>\n\n\n\n<div class=\"wp-block-column has-background-secondary-background-color has-background is-layout-constrained wp-block-column-is-layout-constrained\">\n<p class=\"has-text-align-center has-primary-color has-text-color\"><strong>Filosof\u00eda<\/strong> <\/p>\n\n\n\n<p class=\"has-primary-second-color has-background-secondary-background-color has-text-color has-background\" style=\"font-size:clamp(14px, 0.875rem + ((1vw - 3.2px) * 0.179), 16px);\">Nuestra filosof\u00eda se basa en la creencia de que la educaci\u00f3n no solo debe ser te\u00f3rica, sino tambi\u00e9n pr\u00e1ctica y significativa. Creemos en el poder de la colaboraci\u00f3n y la participaci\u00f3n activa de los estudiantes en la resoluci\u00f3n de problemas reales en la comunidad. Promovemos la empat\u00eda, la responsabilidad social y la conciencia c\u00edvica como valores fundamentales. <\/p>\n<\/div>\n<\/div>\n\n\n\n<hr class=\"wp-block-separator has-text-color has-alpha-channel-opacity has-background is-style-wide\" style=\"background-color:#f60808;color:#f60808\"\/>\n\n\n\n<p class=\"has-text-align-center\"><strong>Equipo<\/strong><\/p>\n\n\n\n<hr class=\"wp-block-separator has-text-color has-alpha-channel-opacity has-background is-style-wide\" style=\"margin-top:10px;margin-bottom:10px;background-color:#f80404;color:#f80404\"\/>\n\n\n\n<div class=\"wp-block-columns is-layout-flex wp-container-17 wp-block-columns-is-layout-flex\">\n<div class=\"wp-block-column has-primary-color has-text-color is-layout-flow wp-block-column-is-layout-flow\">\n<figure class=\"wp-block-gallery has-nested-images columns-default is-cropped wp-block-gallery-5 is-layout-flex wp-block-gallery-is-layout-flex\">\n<figure class=\"wp-block-image size-large\"><img decoding=\"async\" loading=\"lazy\" width=\"1024\" height=\"577\" src=\"https:\/\/portafoliouautonoma.com\/wp-content\/uploads\/2023\/10\/dsdd-1024x577.jpg\" alt=\"\" class=\"wp-image-281\" srcset=\"https:\/\/portafoliouautonoma.com\/wp-content\/uploads\/2023\/10\/dsdd-1024x577.jpg 1024w, https:\/\/portafoliouautonoma.com\/wp-content\/uploads\/2023\/10\/dsdd-300x169.jpg 300w, https:\/\/portafoliouautonoma.com\/wp-content\/uploads\/2023\/10\/dsdd-768x433.jpg 768w, https:\/\/portafoliouautonoma.com\/wp-content\/uploads\/2023\/10\/dsdd-1536x866.jpg 1536w, https:\/\/portafoliouautonoma.com\/wp-content\/uploads\/2023\/10\/dsdd.jpg 1691w\" sizes=\"(max-width: 1024px) 100vw, 1024px\" \/><figcaption class=\"wp-element-caption\"><strong>V\u00edctor Y\u00e1\u00f1ez Pereira <\/strong><\/figcaption><\/figure>\n<\/figure>\n\n\n\n<p class=\"has-text-align-center has-tiny-font-size\">Vicedecano de la facultad Ciencias Sociales de la Universidad Aut\u00f3noma de Chile.  Licenciado en Trabajo Social, Diplomado en Mediaci\u00f3n e Intervenci\u00f3n Familiar, Mag\u00edster en Trabajo Social y Pol\u00edticas Sociales. Doctorado en Ciencias de la Educaci\u00f3n.<\/p>\n\n\n\n<div class=\"wp-block-buttons is-content-justification-center is-layout-flex wp-container-7 wp-block-buttons-is-layout-flex\">\n<div class=\"wp-block-button\"><a class=\"wp-block-button__link wp-element-button\" href=\"https:\/\/trabajosocialua.webnode.cl\/director-de-carrera\/\">M\u00e1s informaci\u00f3n<\/a><\/div>\n<\/div>\n<\/div>\n\n\n\n<div class=\"wp-block-column is-layout-flow wp-block-column-is-layout-flow\">\n<figure class=\"wp-block-gallery has-nested-images columns-default is-cropped wp-block-gallery-9 is-layout-flex wp-block-gallery-is-layout-flex\">\n<figure class=\"wp-block-image size-large\"><img decoding=\"async\" loading=\"lazy\" width=\"1336\" height=\"751\" src=\"https:\/\/portafoliouautonoma.com\/wp-content\/uploads\/2023\/10\/esii-edited.jpg\" alt=\"\" class=\"wp-image-279\" srcset=\"https:\/\/portafoliouautonoma.com\/wp-content\/uploads\/2023\/10\/esii-edited.jpg 1336w, https:\/\/portafoliouautonoma.com\/wp-content\/uploads\/2023\/10\/esii-edited-300x169.jpg 300w, https:\/\/portafoliouautonoma.com\/wp-content\/uploads\/2023\/10\/esii-edited-1024x576.jpg 1024w, https:\/\/portafoliouautonoma.com\/wp-content\/uploads\/2023\/10\/esii-edited-768x432.jpg 768w\" sizes=\"(max-width: 1336px) 100vw, 1336px\" \/><figcaption class=\"wp-element-caption\"><strong>Marcos Cereceda Ot\u00e1rola<\/strong><\/figcaption><\/figure>\n<\/figure>\n\n\n\n<p class=\"has-text-align-center has-primary-color has-text-color has-tiny-font-size\">Acad\u00e9mico de la Universidad Aut\u00f3noma de Chile. Licenciado en Sociolog\u00eda , M\u00e1ster en Investigaci\u00f3n en Sociolog\u00eda Aplicada , Doctor menci\u00f3n Cum Laude en Persona y Sociedad en el Mundo Contempor\u00e1neo.<\/p>\n\n\n\n<div style=\"height:3px\" aria-hidden=\"true\" class=\"wp-block-spacer\"><\/div>\n\n\n\n<div class=\"wp-block-buttons is-content-justification-center is-layout-flex wp-container-11 wp-block-buttons-is-layout-flex\">\n<div class=\"wp-block-button\"><a class=\"wp-block-button__link wp-element-button\" href=\"https:\/\/www.linkedin.com\/in\/marcos-cereceda\/\">M\u00e1s informaci\u00f3n<\/a><\/div>\n<\/div>\n<\/div>\n\n\n\n<div class=\"wp-block-column is-layout-flow wp-block-column-is-layout-flow\">\n<figure class=\"wp-block-gallery has-nested-images columns-default is-cropped wp-block-gallery-13 is-layout-flex wp-block-gallery-is-layout-flex\">\n<figure class=\"wp-block-image size-large\"><img decoding=\"async\" loading=\"lazy\" width=\"672\" height=\"378\" src=\"https:\/\/portafoliouautonoma.com\/wp-content\/uploads\/2023\/10\/Captura-de-pantalla-2023-10-24-015523-edited.jpg\" alt=\"\" class=\"wp-image-278\" srcset=\"https:\/\/portafoliouautonoma.com\/wp-content\/uploads\/2023\/10\/Captura-de-pantalla-2023-10-24-015523-edited.jpg 672w, https:\/\/portafoliouautonoma.com\/wp-content\/uploads\/2023\/10\/Captura-de-pantalla-2023-10-24-015523-edited-300x169.jpg 300w\" sizes=\"(max-width: 672px) 100vw, 672px\" \/><figcaption class=\"wp-element-caption\"><strong>Alan Retamal Aravena<\/strong><\/figcaption><\/figure>\n<\/figure>\n\n\n\n<p class=\"has-text-align-center has-primary-color has-text-color has-tiny-font-size\">Trabajador Social con menci\u00f3n en Pol\u00edticas Publicas de la Universidad Aut\u00f3noma de Chile.<\/p>\n\n\n\n<div style=\"height:92px\" aria-hidden=\"true\" class=\"wp-block-spacer\"><\/div>\n\n\n\n<div class=\"wp-block-buttons is-content-justification-center is-layout-flex wp-container-15 wp-block-buttons-is-layout-flex\">\n<div class=\"wp-block-button\"><a class=\"wp-block-button__link wp-element-button\" href=\"https:\/\/www.linkedin.com\/in\/alan-retamal-78b066273\/\">M\u00e1s informaci\u00f3n<\/a><\/div>\n<\/div>\n<\/div>\n<\/div>\n\n\n\n<div style=\"height:100px\" aria-hidden=\"true\" class=\"wp-block-spacer\"><\/div>\n","protected":false},"excerpt":{"rendered":"<p>Visi\u00f3n Nuestra visi\u00f3n es la de crear un mundo en el que los estudiantes se convertir\u00e1n en agentes de cambio social capaces de abordar los desaf\u00edos y problem\u00e1ticas reales de la comunidad mediante la innovaci\u00f3n social y el Aprendizaje + Servicio. Queremos fomentar una cultura de colaboraci\u00f3n, empat\u00eda y compromiso, donde los estudiantes se convertir\u00e1n [&hellip;]<\/p>\n","protected":false},"author":1,"featured_media":0,"parent":0,"menu_order":0,"comment_status":"closed","ping_status":"closed","template":"","meta":{"footnotes":""},"_links":{"self":[{"href":"https:\/\/portafoliouautonoma.com\/index.php\/wp-json\/wp\/v2\/pages\/174"}],"collection":[{"href":"https:\/\/portafoliouautonoma.com\/index.php\/wp-json\/wp\/v2\/pages"}],"about":[{"href":"https:\/\/portafoliouautonoma.com\/index.php\/wp-json\/wp\/v2\/types\/page"}],"author":[{"embeddable":true,"href":"https:\/\/portafoliouautonoma.com\/index.php\/wp-json\/wp\/v2\/users\/1"}],"replies":[{"embeddable":true,"href":"https:\/\/portafoliouautonoma.com\/index.php\/wp-json\/wp\/v2\/comments?post=174"}],"version-history":[{"count":19,"href":"https:\/\/portafoliouautonoma.com\/index.php\/wp-json\/wp\/v2\/pages\/174\/revisions"}],"predecessor-version":[{"id":483,"href":"https:\/\/portafoliouautonoma.com\/index.php\/wp-json\/wp\/v2\/pages\/174\/revisions\/483"}],"wp:attachment":[{"href":"https:\/\/portafoliouautonoma.com\/index.php\/wp-json\/wp\/v2\/media?parent=174"}],"curies":[{"name":"wp","href":"https:\/\/api.w.org\/{rel}","templated":true}]}}