{"id":171,"date":"2023-10-14T00:31:50","date_gmt":"2023-10-13T22:31:50","guid":{"rendered":"https:\/\/portafoliouautonoma.com\/?page_id=171"},"modified":"2023-11-13T03:33:27","modified_gmt":"2023-11-13T02:33:27","slug":"video","status":"publish","type":"page","link":"https:\/\/portafoliouautonoma.com\/index.php\/video\/","title":{"rendered":"VIDEO"},"content":{"rendered":"\n<h2 class=\"wp-block-heading has-text-align-center has-primary-color has-text-color has-large-font-size\">Video Aplicado a Proyectos de Aprendizaje + Servicio en el marco de la Innovaci\u00f3n Social <\/h2>\n\n\n\n<p class=\"has-text-align-center has-primary-color has-text-color has-small-font-size\">Uso efectivo del video como herramienta de comunicaci\u00f3n y difusi\u00f3n para proyectos de Aprendizaje + Servicio en el \u00e1mbito de la innovaci\u00f3n social. Los estudiantes crearon videos que cuentan la historia de sus proyectos, resaltando su impacto social y su relevancia en la comunidad.<\/p>\n\n\n\n<hr class=\"wp-block-separator has-text-color has-primary-color has-alpha-channel-opacity has-primary-background-color has-background is-style-dots\"\/>\n\n\n\n<div class=\"wp-block-columns is-layout-flex wp-container-4 wp-block-columns-is-layout-flex\">\n<div class=\"wp-block-column is-layout-flow wp-block-column-is-layout-flow\">\n<figure class=\"wp-block-embed is-type-video is-provider-youtube wp-block-embed-youtube wp-embed-aspect-16-9 wp-has-aspect-ratio\"><div class=\"wp-block-embed__wrapper\">\n<iframe loading=\"lazy\" title=\"AGRICULTURA SUSTENTABLE EDICION CORINTO (spanish version)\" width=\"500\" height=\"281\" src=\"https:\/\/www.youtube.com\/embed\/iR331KxzpEw?feature=oembed\" frameborder=\"0\" allow=\"accelerometer; autoplay; clipboard-write; encrypted-media; gyroscope; picture-in-picture; web-share\" allowfullscreen><\/iframe>\n<\/div><\/figure>\n<\/div>\n\n\n\n<div class=\"wp-block-column is-layout-flow wp-block-column-is-layout-flow\">\n<figure class=\"wp-block-embed is-type-video is-provider-youtube wp-block-embed-youtube wp-embed-aspect-16-9 wp-has-aspect-ratio\"><div class=\"wp-block-embed__wrapper\">\n<iframe loading=\"lazy\" title=\"&quot;Ranita preventiva&quot;, proyecto de innovaci\u00f3n\" width=\"500\" height=\"281\" src=\"https:\/\/www.youtube.com\/embed\/jIqWAVi8Kzo?feature=oembed\" frameborder=\"0\" allow=\"accelerometer; autoplay; clipboard-write; encrypted-media; gyroscope; picture-in-picture; web-share\" allowfullscreen><\/iframe>\n<\/div><\/figure>\n<\/div>\n\n\n\n<div class=\"wp-block-column is-layout-flow wp-block-column-is-layout-flow\">\n<figure class=\"wp-block-embed is-type-video is-provider-youtube wp-block-embed-youtube wp-embed-aspect-16-9 wp-has-aspect-ratio\"><div class=\"wp-block-embed__wrapper\">\n<iframe loading=\"lazy\" title=\"Proyecto de Innovaci\u00f3n Centro de Compostaje\" width=\"500\" height=\"281\" src=\"https:\/\/www.youtube.com\/embed\/396AXz8cu-A?feature=oembed\" frameborder=\"0\" allow=\"accelerometer; autoplay; clipboard-write; encrypted-media; gyroscope; picture-in-picture; web-share\" allowfullscreen><\/iframe>\n<\/div><\/figure>\n<\/div>\n<\/div>\n\n\n\n<div class=\"wp-block-buttons is-horizontal is-content-justification-space-between is-layout-flex wp-container-5 wp-block-buttons-is-layout-flex\">\n<div class=\"wp-block-button has-custom-font-size has-tiny-font-size\"><a class=\"wp-block-button__link has-primary-color has-background-background-color has-text-color has-background wp-element-button\" href=\"https:\/\/socialinnova23.wordpress.com\/\" style=\"border-width:3px;border-radius:100px\">AGRICULTURA SUSTENTABLE<\/a><\/div>\n\n\n\n<div class=\"wp-block-button has-custom-font-size has-tiny-font-size\"><a class=\"wp-block-button__link has-primary-color has-background-background-color has-text-color has-background wp-element-button\" href=\"https:\/\/portafoliodigital14.wordpress.com\/\" style=\"border-width:3px;border-radius:100px\">ROMPAMOS EL CIRCULO<\/a><\/div>\n\n\n\n<div class=\"wp-block-button has-custom-font-size has-tiny-font-size\"><a class=\"wp-block-button__link has-primary-color has-background-background-color has-text-color has-background wp-element-button\" href=\"https:\/\/platadecompostajeparasectoresagrcolas.wordpress.com\/\" style=\"border-width:3px;border-radius:100px\">CENTRO DE COMPOSTAJE<\/a><\/div>\n<\/div>\n\n\n\n<div class=\"wp-block-columns is-layout-flex wp-container-9 wp-block-columns-is-layout-flex\">\n<div class=\"wp-block-column is-layout-flow wp-block-column-is-layout-flow\">\n<figure class=\"wp-block-embed is-type-video is-provider-youtube wp-block-embed-youtube wp-embed-aspect-4-3 wp-has-aspect-ratio\"><div class=\"wp-block-embed__wrapper\">\n<iframe loading=\"lazy\" title=\"Presentaci\u00f3n Proyecto Rel\u00e1mpago - Club Deportivo Rel\u00e1mpago\" width=\"500\" height=\"375\" src=\"https:\/\/www.youtube.com\/embed\/WwnuMrYe8t4?feature=oembed\" frameborder=\"0\" allow=\"accelerometer; autoplay; clipboard-write; encrypted-media; gyroscope; picture-in-picture; web-share\" allowfullscreen><\/iframe>\n<\/div><\/figure>\n<\/div>\n\n\n\n<div class=\"wp-block-column is-layout-flow wp-block-column-is-layout-flow\">\n<figure class=\"wp-block-embed is-type-video is-provider-youtube wp-block-embed-youtube wp-embed-aspect-16-9 wp-has-aspect-ratio\"><div class=\"wp-block-embed__wrapper\">\n<iframe loading=\"lazy\" title=\"Proyecto de innovaci\u00f3n social\" width=\"500\" height=\"281\" src=\"https:\/\/www.youtube.com\/embed\/4Jcwk1GhkQg?start=1&#038;feature=oembed\" frameborder=\"0\" allow=\"accelerometer; autoplay; clipboard-write; encrypted-media; gyroscope; picture-in-picture; web-share\" allowfullscreen><\/iframe>\n<\/div><\/figure>\n<\/div>\n\n\n\n<div class=\"wp-block-column is-layout-flow wp-block-column-is-layout-flow\">\n<figure class=\"wp-block-embed is-type-video is-provider-youtube wp-block-embed-youtube wp-embed-aspect-16-9 wp-has-aspect-ratio\"><div class=\"wp-block-embed__wrapper\">\n<iframe loading=\"lazy\" title=\"Proyecto \u201cArte en Transformaci\u00f3n, reinventando vidas a trav\u00e9s de la creatividad \u201c\" width=\"500\" height=\"281\" src=\"https:\/\/www.youtube.com\/embed\/xVFMtULQneA?feature=oembed\" frameborder=\"0\" allow=\"accelerometer; autoplay; clipboard-write; encrypted-media; gyroscope; picture-in-picture; web-share\" allowfullscreen><\/iframe>\n<\/div><\/figure>\n<\/div>\n<\/div>\n\n\n\n<div class=\"wp-block-buttons is-content-justification-space-between is-layout-flex wp-container-10 wp-block-buttons-is-layout-flex\">\n<div class=\"wp-block-button has-custom-font-size has-tiny-font-size\"><a class=\"wp-block-button__link has-primary-color has-background-background-color has-text-color has-background wp-element-button\" href=\"https:\/\/proyectorelampago.wordpress.com\/\" style=\"border-width:3px;border-radius:100px\">PROYECTO RELAMPAGO<\/a><\/div>\n\n\n\n<div class=\"wp-block-button has-custom-font-size has-tiny-font-size\"><a class=\"wp-block-button__link has-primary-color has-background-background-color has-text-color has-background wp-element-button\" href=\"https:\/\/hablemossobresexualidad.wordpress.com\/\" style=\"border-width:3px;border-radius:100px\">SEXUALIDAD EN ADOLECENTES<\/a><\/div>\n\n\n\n<div class=\"wp-block-button has-custom-font-size has-tiny-font-size\"><a class=\"wp-block-button__link has-primary-color has-background-background-color has-text-color has-background wp-element-button\" href=\"https:\/\/plandeintervencionpletalca2023.wordpress.com\/\" style=\"border-width:3px;border-radius:100px\">REINVENTANDO VIDAS<\/a><\/div>\n<\/div>\n\n\n\n<div class=\"wp-block-columns is-layout-flex wp-container-14 wp-block-columns-is-layout-flex\">\n<div class=\"wp-block-column is-layout-flow wp-block-column-is-layout-flow\">\n<figure class=\"wp-block-embed is-type-video is-provider-youtube wp-block-embed-youtube wp-embed-aspect-16-9 wp-has-aspect-ratio\"><div class=\"wp-block-embed__wrapper\">\n<iframe loading=\"lazy\" title=\"Video de proyecto BASMA y su Taller de Violencia de G\u00e9nero\" width=\"500\" height=\"281\" src=\"https:\/\/www.youtube.com\/embed\/qGHMjV1l5Cs?start=46&#038;feature=oembed\" frameborder=\"0\" allow=\"accelerometer; autoplay; clipboard-write; encrypted-media; gyroscope; picture-in-picture; web-share\" allowfullscreen><\/iframe>\n<\/div><\/figure>\n<\/div>\n\n\n\n<div class=\"wp-block-column is-layout-flow wp-block-column-is-layout-flow\">\n<figure class=\"wp-block-embed is-type-video is-provider-youtube wp-block-embed-youtube wp-embed-aspect-16-9 wp-has-aspect-ratio\"><div class=\"wp-block-embed__wrapper\">\n<iframe loading=\"lazy\" title=\"3 de octubre de 2023\" width=\"500\" height=\"281\" src=\"https:\/\/www.youtube.com\/embed\/53knQfPKB-Y?feature=oembed\" frameborder=\"0\" allow=\"accelerometer; autoplay; clipboard-write; encrypted-media; gyroscope; picture-in-picture; web-share\" allowfullscreen><\/iframe>\n<\/div><\/figure>\n<\/div>\n\n\n\n<div class=\"wp-block-column is-layout-flow wp-block-column-is-layout-flow\">\n<figure class=\"wp-block-embed is-type-video is-provider-youtube wp-block-embed-youtube wp-embed-aspect-16-9 wp-has-aspect-ratio\"><div class=\"wp-block-embed__wrapper\">\n<iframe loading=\"lazy\" title=\"Proyecto EduAsistencia, Talca.\" width=\"500\" height=\"281\" src=\"https:\/\/www.youtube.com\/embed\/EYqJ9rOQMzI?start=1&#038;feature=oembed\" frameborder=\"0\" allow=\"accelerometer; autoplay; clipboard-write; encrypted-media; gyroscope; picture-in-picture; web-share\" allowfullscreen><\/iframe>\n<\/div><\/figure>\n<\/div>\n<\/div>\n\n\n\n<div class=\"wp-block-buttons is-content-justification-space-between is-layout-flex wp-container-15 wp-block-buttons-is-layout-flex\">\n<div class=\"wp-block-button has-custom-font-size has-tiny-font-size\"><a class=\"wp-block-button__link has-primary-color has-background-background-color has-text-color has-background wp-element-button\" href=\"https:\/\/proyectobasma23.wordpress.com\/\" style=\"border-width:3px;border-radius:100px\">PROYECTO BASMA<\/a><\/div>\n\n\n\n<div class=\"wp-block-button has-custom-font-size has-tiny-font-size\"><a class=\"wp-block-button__link has-primary-color has-background-background-color has-text-color has-background wp-element-button\" href=\"https:\/\/portafoliodigital36.wordpress.com\/\" style=\"border-width:3px;border-radius:100px\">PREVENCION DE DROGAS<\/a><\/div>\n\n\n\n<div class=\"wp-block-button has-custom-font-size has-tiny-font-size\"><a class=\"wp-block-button__link has-primary-color has-background-background-color has-text-color has-background wp-element-button\" href=\"https:\/\/abordajeausentismoescolar.wordpress.com\/\" style=\"border-width:3px;border-radius:100px\">AUTISMO ESCOLAR<\/a><\/div>\n<\/div>\n\n\n\n<div class=\"wp-block-columns is-layout-flex wp-container-19 wp-block-columns-is-layout-flex\">\n<div class=\"wp-block-column is-layout-flow wp-block-column-is-layout-flow\">\n<figure class=\"wp-block-embed is-type-video is-provider-youtube wp-block-embed-youtube wp-embed-aspect-16-9 wp-has-aspect-ratio\"><div class=\"wp-block-embed__wrapper\">\n<iframe loading=\"lazy\" title=\"presentaci\u00f3n de proyecto: Juguemos en convivencia\" width=\"500\" height=\"281\" src=\"https:\/\/www.youtube.com\/embed\/oan4JE9GYHw?feature=oembed\" frameborder=\"0\" allow=\"accelerometer; autoplay; clipboard-write; encrypted-media; gyroscope; picture-in-picture; web-share\" allowfullscreen><\/iframe>\n<\/div><\/figure>\n<\/div>\n\n\n\n<div class=\"wp-block-column is-layout-flow wp-block-column-is-layout-flow\">\n<figure class=\"wp-block-embed is-type-video is-provider-youtube wp-block-embed-youtube wp-embed-aspect-16-9 wp-has-aspect-ratio\"><div class=\"wp-block-embed__wrapper\">\n<iframe loading=\"lazy\" title=\"Proyecto Socioemocional: Aplicaci\u00f3n Web &quot;Improving my mind&quot;\" width=\"500\" height=\"281\" src=\"https:\/\/www.youtube.com\/embed\/b-94sZAgdoY?start=2&#038;feature=oembed\" frameborder=\"0\" allow=\"accelerometer; autoplay; clipboard-write; encrypted-media; gyroscope; picture-in-picture; web-share\" allowfullscreen><\/iframe>\n<\/div><\/figure>\n<\/div>\n\n\n\n<div class=\"wp-block-column is-layout-flow wp-block-column-is-layout-flow\">\n<figure class=\"wp-block-embed is-type-video is-provider-youtube wp-block-embed-youtube wp-embed-aspect-16-9 wp-has-aspect-ratio\"><div class=\"wp-block-embed__wrapper\">\n<iframe loading=\"lazy\" title=\"video proyecto social Golden Innovation\" width=\"500\" height=\"281\" src=\"https:\/\/www.youtube.com\/embed\/OisXMJnmEqc?feature=oembed\" frameborder=\"0\" allow=\"accelerometer; autoplay; clipboard-write; encrypted-media; gyroscope; picture-in-picture; web-share\" allowfullscreen><\/iframe>\n<\/div><\/figure>\n<\/div>\n<\/div>\n\n\n\n<div class=\"wp-block-buttons is-content-justification-space-between is-layout-flex wp-container-20 wp-block-buttons-is-layout-flex\">\n<div class=\"wp-block-button has-custom-font-size has-tiny-font-size\"><a class=\"wp-block-button__link has-primary-color has-background-background-color has-text-color has-background wp-element-button\" href=\"https:\/\/juguemos1.wordpress.com\/2023\/09\/05\/felicidad-desarrollo-y-conocimiento\/\" style=\"border-width:3px;border-radius:100px\">JUGUEMOS EN CONVIVENCIA<\/a><\/div>\n\n\n\n<div class=\"wp-block-button has-custom-font-size has-tiny-font-size\"><a class=\"wp-block-button__link has-primary-color has-background-background-color has-text-color has-background wp-element-button\" href=\"https:\/\/proyectosocioemocionaldeinnovacion.wordpress.com\/\" style=\"border-width:3px;border-radius:100px\">PROYECTO SOCIOAMBIENTAL<\/a><\/div>\n\n\n\n<div class=\"wp-block-button has-custom-font-size has-tiny-font-size\"><a class=\"wp-block-button__link has-primary-color has-background-background-color has-text-color has-background wp-element-button\" href=\"https:\/\/goldeninnovation5.wordpress.com\/\" style=\"border-width:3px;border-radius:100px\">GOLDEN INNOVATION<\/a><\/div>\n<\/div>\n\n\n\n<div class=\"wp-block-columns is-layout-flex wp-container-24 wp-block-columns-is-layout-flex\">\n<div class=\"wp-block-column is-layout-flow wp-block-column-is-layout-flow\"><\/div>\n\n\n\n<div class=\"wp-block-column is-layout-flow wp-block-column-is-layout-flow\">\n<figure class=\"wp-block-embed is-type-video is-provider-youtube wp-block-embed-youtube wp-embed-aspect-16-9 wp-has-aspect-ratio\"><div class=\"wp-block-embed__wrapper\">\n<iframe loading=\"lazy\" title=\"Redes de apoyo e importancia del n\u00facleo familiar en Adultos Mayores del centro CEAM, Talca.\" width=\"500\" height=\"281\" src=\"https:\/\/www.youtube.com\/embed\/IMuxzJPZVxA?feature=oembed\" frameborder=\"0\" allow=\"accelerometer; autoplay; clipboard-write; encrypted-media; gyroscope; picture-in-picture; web-share\" allowfullscreen><\/iframe>\n<\/div><\/figure>\n<\/div>\n\n\n\n<div class=\"wp-block-column is-layout-flow wp-block-column-is-layout-flow\"><\/div>\n<\/div>\n\n\n\n<div class=\"wp-block-buttons is-content-justification-space-between is-layout-flex wp-container-25 wp-block-buttons-is-layout-flex\">\n<div class=\"wp-block-button has-custom-font-size has-tiny-font-size\"><a class=\"wp-block-button__link has-primary-color has-background-background-color has-text-color has-background wp-element-button\" href=\"https:\/\/trasocioemocional.wordpress.com\/\" style=\"border-width:3px;border-radius:100px\">CREDU CONCIENCIA<\/a><\/div>\n\n\n\n<div class=\"wp-block-button has-custom-font-size has-tiny-font-size\"><a class=\"wp-block-button__link has-primary-color has-background-background-color has-text-color has-background wp-element-button\" href=\"https:\/\/redapoyoceam.wordpress.com\/\" style=\"border-width:3px;border-radius:100px\">REDES EN ADULTOS MAYORES<\/a><\/div>\n\n\n\n<div class=\"wp-block-button has-custom-font-size has-tiny-font-size\"><a class=\"wp-block-button__link has-primary-color has-background-background-color has-text-color has-background wp-element-button\" href=\"https:\/\/amorsinviolenciaportcom.wordpress.com\/\" style=\"border-width:3px;border-radius:100px\">AMOR SIN VIOLENCIA<\/a><\/div>\n<\/div>\n\n\n\n<div style=\"height:100px\" aria-hidden=\"true\" class=\"wp-block-spacer\"><\/div>\n","protected":false},"excerpt":{"rendered":"<p>Video Aplicado a Proyectos de Aprendizaje + Servicio en el marco de la Innovaci\u00f3n Social Uso efectivo del video como herramienta de comunicaci\u00f3n y difusi\u00f3n para proyectos de Aprendizaje + Servicio en el \u00e1mbito de la innovaci\u00f3n social. Los estudiantes crearon videos que cuentan la historia de sus proyectos, resaltando su impacto social y su [&hellip;]<\/p>\n","protected":false},"author":1,"featured_media":0,"parent":0,"menu_order":0,"comment_status":"closed","ping_status":"closed","template":"","meta":{"footnotes":""},"_links":{"self":[{"href":"https:\/\/portafoliouautonoma.com\/index.php\/wp-json\/wp\/v2\/pages\/171"}],"collection":[{"href":"https:\/\/portafoliouautonoma.com\/index.php\/wp-json\/wp\/v2\/pages"}],"about":[{"href":"https:\/\/portafoliouautonoma.com\/index.php\/wp-json\/wp\/v2\/types\/page"}],"author":[{"embeddable":true,"href":"https:\/\/portafoliouautonoma.com\/index.php\/wp-json\/wp\/v2\/users\/1"}],"replies":[{"embeddable":true,"href":"https:\/\/portafoliouautonoma.com\/index.php\/wp-json\/wp\/v2\/comments?post=171"}],"version-history":[{"count":35,"href":"https:\/\/portafoliouautonoma.com\/index.php\/wp-json\/wp\/v2\/pages\/171\/revisions"}],"predecessor-version":[{"id":481,"href":"https:\/\/portafoliouautonoma.com\/index.php\/wp-json\/wp\/v2\/pages\/171\/revisions\/481"}],"wp:attachment":[{"href":"https:\/\/portafoliouautonoma.com\/index.php\/wp-json\/wp\/v2\/media?parent=171"}],"curies":[{"name":"wp","href":"https:\/\/api.w.org\/{rel}","templated":true}]}}