{"id":166,"date":"2023-10-14T00:24:59","date_gmt":"2023-10-13T22:24:59","guid":{"rendered":"https:\/\/portafoliouautonoma.com\/?page_id=166"},"modified":"2023-11-06T21:48:11","modified_gmt":"2023-11-06T20:48:11","slug":"materiales","status":"publish","type":"page","link":"https:\/\/portafoliouautonoma.com\/index.php\/materiales\/","title":{"rendered":"Materiales"},"content":{"rendered":"\n<hr class=\"wp-block-separator has-alpha-channel-opacity is-style-wide\"\/>\n\n\n\n<div class=\"wp-block-columns is-layout-flex wp-container-2 wp-block-columns-is-layout-flex\">\n<div class=\"wp-block-column is-layout-flow wp-block-column-is-layout-flow\">\n<p class=\"has-text-align-center has-primary-color has-background-background-color has-text-color has-background\" style=\"font-size:clamp(28.836px, 1.802rem + ((1vw - 3.2px) * 1.89), 50px);\"><strong>Materiales <\/strong><\/p>\n\n\n\n<p class=\"has-text-align-center has-medium-font-size\"><strong>MATERIALES MOMENTO 1<\/strong><\/p>\n\n\n\n<p class=\"has-text-align-center has-primary-color has-text-color has-normal-font-size\">WordPress Aplicado al Portafolio Digita<\/p>\n\n\n\n<p class=\"has-text-align-center has-primary-color has-text-color has-small-font-size\">Este taller pr\u00e1ctico est\u00e1 dise\u00f1ado para brindar a los estudiantes las habilidades y herramientas necesarias para crear un portafolio digital efectivo utilizando la plataforma WordPress. A lo largo del taller, los participantes aprender\u00e1n a dise\u00f1ar un portafolio personalizado que les permita mostrar y resaltar sus proyectos, habilidades y logros de manera profesional.<\/p>\n\n\n\n<hr class=\"wp-block-separator has-alpha-channel-opacity is-style-default\"\/>\n<\/div>\n<\/div>\n\n\n\n<div class=\"wp-block-columns is-layout-flex wp-container-7 wp-block-columns-is-layout-flex\">\n<div class=\"wp-block-column is-layout-flow wp-block-column-is-layout-flow\">\n<div class=\"wp-block-file\"><object class=\"wp-block-file__embed\" data=\"https:\/\/portafoliouautonoma.com\/wp-content\/uploads\/2023\/10\/MANUAL-WORDPRESS-pdf-1.pdf\" type=\"application\/pdf\" style=\"width:100%;height:600px\" aria-label=\"Embed of CLASE-WORDPRESS.\"><\/object><a id=\"wp-block-file--media-7c92b9a4-59fe-4652-95d3-9072d0b763ab\" href=\"https:\/\/portafoliouautonoma.com\/wp-content\/uploads\/2023\/10\/MANUAL-WORDPRESS-pdf-1.pdf\">CLASE-WORDPRESS<\/a><a href=\"https:\/\/portafoliouautonoma.com\/wp-content\/uploads\/2023\/10\/MANUAL-WORDPRESS-pdf-1.pdf\" class=\"wp-block-file__button wp-element-button\" download aria-describedby=\"wp-block-file--media-7c92b9a4-59fe-4652-95d3-9072d0b763ab\">Descarga<\/a><\/div>\n<\/div>\n\n\n\n<div class=\"wp-block-column is-layout-flow wp-block-column-is-layout-flow\">\n<div class=\"wp-block-columns is-layout-flex wp-container-5 wp-block-columns-is-layout-flex\">\n<div class=\"wp-block-column is-layout-flow wp-block-column-is-layout-flow\" style=\"flex-basis:100%\">\n<figure class=\"wp-block-video\"><video controls src=\"https:\/\/portafoliouautonoma.com\/wp-content\/uploads\/2023\/10\/WordPress-clase-1-1.mp4\"><\/video><\/figure>\n<\/div>\n<\/div>\n\n\n\n<figure class=\"wp-block-video\"><video controls src=\"https:\/\/portafoliouautonoma.com\/wp-content\/uploads\/2023\/10\/WordPress-clase-2-2.mp4\"><\/video><\/figure>\n<\/div>\n<\/div>\n\n\n\n<hr class=\"wp-block-separator has-alpha-channel-opacity is-style-wide\"\/>\n\n\n\n<h2 class=\"wp-block-heading has-text-align-center has-primary-color has-text-color has-medium-font-size\">Materiales momento 2<\/h2>\n\n\n\n<p class=\"has-text-align-center has-primary-color has-text-color has-normal-font-size\">Video Aplicado a Proyectos de Aprendizaje + Servicio en el Marco de la Innovaci\u00f3n Social<\/p>\n\n\n\n<p class=\"has-text-align-center has-primary-color has-text-color has-small-font-size\">Este taller pr\u00e1ctico tiene como objetivo capacitar a los participantes en el uso efectivo del video como herramienta de comunicaci\u00f3n y difusi\u00f3n para proyectos de Aprendizaje + Servicio en el \u00e1mbito de la innovaci\u00f3n social. Durante el taller, los estudiantes aprender\u00e1n a crear videos que cuenten la historia de sus proyectos, resaltando su impacto social y su relevancia en la comunidad.<\/p>\n\n\n\n<hr class=\"wp-block-separator has-alpha-channel-opacity\"\/>\n\n\n\n<div class=\"wp-block-columns is-layout-flex wp-container-10 wp-block-columns-is-layout-flex\">\n<div class=\"wp-block-column is-layout-flow wp-block-column-is-layout-flow\">\n<div class=\"wp-block-file has-background-background-color has-background\"><object class=\"wp-block-file__embed\" data=\"https:\/\/portafoliouautonoma.com\/wp-content\/uploads\/2023\/10\/clase-2.pdf\" type=\"application\/pdf\" style=\"width:100%;height:600px\" aria-label=\"Embed of CLASE-VIDEO-APLICADO.\"><\/object><a id=\"wp-block-file--media-205715a9-8c64-4f73-8eb0-44f7c2688276\" href=\"https:\/\/portafoliouautonoma.com\/wp-content\/uploads\/2023\/10\/clase-2.pdf\">CLASE-VIDEO-APLICADO<\/a><a href=\"https:\/\/portafoliouautonoma.com\/wp-content\/uploads\/2023\/10\/clase-2.pdf\" class=\"wp-block-file__button wp-element-button\" download aria-describedby=\"wp-block-file--media-205715a9-8c64-4f73-8eb0-44f7c2688276\">Descarga<\/a><\/div>\n<\/div>\n\n\n\n<div class=\"wp-block-column is-layout-flow wp-block-column-is-layout-flow\">\n<figure class=\"wp-block-video\"><video controls src=\"https:\/\/portafoliouautonoma.com\/wp-content\/uploads\/2023\/10\/VIDEO-clase-2-1.mp4\"><\/video><\/figure>\n<\/div>\n<\/div>\n\n\n\n<hr class=\"wp-block-separator has-alpha-channel-opacity is-style-wide\"\/>\n\n\n\n<h2 class=\"wp-block-heading has-text-align-center has-primary-color has-text-color has-medium-font-size\">Materiales momento 3<\/h2>\n\n\n\n<p class=\"has-text-align-center has-primary-second-color has-text-color has-normal-font-size\">Podcast Aplicado a Proyectos de Aprendizaje + Servicio en el Marco de la Innovaci\u00f3n Social<\/p>\n\n\n\n<p class=\"has-text-align-center has-primary-color has-text-color has-small-font-size\">En este taller pr\u00e1ctico, los participantes aprender\u00e1n a utilizar el poder del podcasting como una herramienta efectiva para difundir y comunicar proyectos de Aprendizaje + Servicio con enfoque en la innovaci\u00f3n social. A lo largo del taller, los estudiantes se sumergir\u00e1n en el mundo del audio y aprender\u00e1n a crear podcasts que destaquen la importancia de sus proyectos, generando un impacto positivo en la comunidad.<\/p>\n\n\n\n<hr class=\"wp-block-separator has-alpha-channel-opacity\"\/>\n\n\n\n<div class=\"wp-block-columns is-layout-flex wp-container-13 wp-block-columns-is-layout-flex\">\n<div class=\"wp-block-column is-layout-flow wp-block-column-is-layout-flow\">\n<div class=\"wp-block-file has-background-background-color has-background\"><object class=\"wp-block-file__embed\" data=\"https:\/\/portafoliouautonoma.com\/wp-content\/uploads\/2023\/11\/CLASE-4-.pdf\" type=\"application\/pdf\" style=\"width:100%;height:600px\" aria-label=\"Embed of CLASE-4-.\"><\/object><a id=\"wp-block-file--media-ff68d497-beb3-4d8e-851a-63521dbc5b80\" href=\"https:\/\/portafoliouautonoma.com\/wp-content\/uploads\/2023\/11\/CLASE-4-.pdf\">CLASE-4-<\/a><a href=\"https:\/\/portafoliouautonoma.com\/wp-content\/uploads\/2023\/11\/CLASE-4-.pdf\" class=\"wp-block-file__button wp-element-button\" download aria-describedby=\"wp-block-file--media-ff68d497-beb3-4d8e-851a-63521dbc5b80\">Descarga<\/a><\/div>\n<\/div>\n\n\n\n<div class=\"wp-block-column is-layout-flow wp-block-column-is-layout-flow\">\n<figure class=\"wp-block-video\"><video controls src=\"https:\/\/portafoliouautonoma.com\/wp-content\/uploads\/2023\/10\/CLASE-4-2.mp4\"><\/video><\/figure>\n<\/div>\n<\/div>\n\n\n\n<hr class=\"wp-block-separator has-alpha-channel-opacity is-style-wide\"\/>\n\n\n\n<h2 class=\"wp-block-heading has-text-align-center has-primary-color has-text-color has-medium-font-size\">Materiales Momento 4<\/h2>\n\n\n\n<p class=\"has-text-align-center has-primary-color has-text-color has-normal-font-size\">Taller de Difusi\u00f3n en Redes Sociales<\/p>\n\n\n\n<p class=\"has-text-align-center has-primary-color has-text-color has-small-font-size\"><br>Este taller se enfoca en el uso estrat\u00e9gico y efectivo de las redes sociales como herramienta de difusi\u00f3n para proyectos de Aprendizaje + Servicio en el contexto de la innovaci\u00f3n social. Los participantes aprender\u00e1n a utilizar plataformas populares como Facebook, Instagram, Threads, LinkedIn y otras para promover sus proyectos y llegar a una audiencia comprometida.<\/p>\n\n\n\n<hr class=\"wp-block-separator has-alpha-channel-opacity\"\/>\n\n\n\n<div class=\"wp-block-columns is-layout-flex wp-container-16 wp-block-columns-is-layout-flex\">\n<div class=\"wp-block-column is-layout-flow wp-block-column-is-layout-flow\">\n<div class=\"wp-block-file has-background-background-color has-background\"><object class=\"wp-block-file__embed\" data=\"https:\/\/portafoliouautonoma.com\/wp-content\/uploads\/2023\/10\/CLASE-3-REDES-SOCIALES-2.pdf\" type=\"application\/pdf\" style=\"width:100%;height:600px\" aria-label=\"Embed of CLASE-REDES-SOCIALES.\"><\/object><a id=\"wp-block-file--media-2620043b-6928-4aa9-8102-6db55ec4e148\" href=\"https:\/\/portafoliouautonoma.com\/wp-content\/uploads\/2023\/10\/CLASE-3-REDES-SOCIALES-2.pdf\">CLASE-REDES-SOCIALES<\/a><a href=\"https:\/\/portafoliouautonoma.com\/wp-content\/uploads\/2023\/10\/CLASE-3-REDES-SOCIALES-2.pdf\" class=\"wp-block-file__button wp-element-button\" download aria-describedby=\"wp-block-file--media-2620043b-6928-4aa9-8102-6db55ec4e148\">Descarga<\/a><\/div>\n<\/div>\n\n\n\n<div class=\"wp-block-column is-layout-flow wp-block-column-is-layout-flow\">\n<figure class=\"wp-block-video\"><video controls src=\"https:\/\/portafoliouautonoma.com\/wp-content\/uploads\/2023\/10\/CLASE-3-REDES-SOCIALES-1.mp4\"><\/video><\/figure>\n<\/div>\n<\/div>\n\n\n\n<div style=\"height:100px\" aria-hidden=\"true\" class=\"wp-block-spacer\"><\/div>\n\n\n\n<hr class=\"wp-block-separator has-alpha-channel-opacity\"\/>\n","protected":false},"excerpt":{"rendered":"<p>Materiales MATERIALES MOMENTO 1 WordPress Aplicado al Portafolio Digita Este taller pr\u00e1ctico est\u00e1 dise\u00f1ado para brindar a los estudiantes las habilidades y herramientas necesarias para crear un portafolio digital efectivo utilizando la plataforma WordPress. A lo largo del taller, los participantes aprender\u00e1n a dise\u00f1ar un portafolio personalizado que les permita mostrar y resaltar sus proyectos, [&hellip;]<\/p>\n","protected":false},"author":1,"featured_media":0,"parent":0,"menu_order":0,"comment_status":"closed","ping_status":"closed","template":"","meta":{"footnotes":""},"_links":{"self":[{"href":"https:\/\/portafoliouautonoma.com\/index.php\/wp-json\/wp\/v2\/pages\/166"}],"collection":[{"href":"https:\/\/portafoliouautonoma.com\/index.php\/wp-json\/wp\/v2\/pages"}],"about":[{"href":"https:\/\/portafoliouautonoma.com\/index.php\/wp-json\/wp\/v2\/types\/page"}],"author":[{"embeddable":true,"href":"https:\/\/portafoliouautonoma.com\/index.php\/wp-json\/wp\/v2\/users\/1"}],"replies":[{"embeddable":true,"href":"https:\/\/portafoliouautonoma.com\/index.php\/wp-json\/wp\/v2\/comments?post=166"}],"version-history":[{"count":16,"href":"https:\/\/portafoliouautonoma.com\/index.php\/wp-json\/wp\/v2\/pages\/166\/revisions"}],"predecessor-version":[{"id":463,"href":"https:\/\/portafoliouautonoma.com\/index.php\/wp-json\/wp\/v2\/pages\/166\/revisions\/463"}],"wp:attachment":[{"href":"https:\/\/portafoliouautonoma.com\/index.php\/wp-json\/wp\/v2\/media?parent=166"}],"curies":[{"name":"wp","href":"https:\/\/api.w.org\/{rel}","templated":true}]}}